{"id":1269,"date":"2015-06-10T16:47:14","date_gmt":"2015-06-10T16:47:14","guid":{"rendered":"http:\/\/www.paddlesurftours.es\/?page_id=1269"},"modified":"2020-05-24T10:32:27","modified_gmt":"2020-05-24T10:32:27","slug":"torre-de-hercules","status":"publish","type":"page","link":"http:\/\/www.paddlesurftours.es\/index.php\/torre-de-hercules\/","title":{"rendered":"TORRE DE HERCULES"},"content":{"rendered":"[vc_row type=\u00bbfull_width_content\u00bb full_screen_row_position=\u00bbmiddle\u00bb vertically_center_columns=\u00bbtrue\u00bb column_margin=\u00bbdefault\u00bb scene_position=\u00bbcenter\u00bb text_color=\u00bbdark\u00bb text_align=\u00bbleft\u00bb overlay_strength=\u00bb0.3&#8243; shape_divider_position=\u00bbbottom\u00bb bg_image_animation=\u00bbnone\u00bb][vc_column column_padding=\u00bbno-extra-padding\u00bb column_padding_position=\u00bball\u00bb background_color_opacity=\u00bb1&#8243; background_hover_color_opacity=\u00bb1&#8243; column_link_target=\u00bb_self\u00bb column_shadow=\u00bbnone\u00bb column_border_radius=\u00bbnone\u00bb width=\u00bb1\/1&#8243; tablet_width_inherit=\u00bbdefault\u00bb tablet_text_alignment=\u00bbdefault\u00bb phone_text_alignment=\u00bbdefault\u00bb overlay_strength=\u00bb0.3&#8243; column_border_width=\u00bbnone\u00bb column_border_style=\u00bbsolid\u00bb bg_image_animation=\u00bbnone\u00bb][image_with_animation image_url=\u00bb1495&#8243; alignment=\u00bbcenter\u00bb animation=\u00bbFade In\u00bb hover_animation=\u00bbnone\u00bb border_radius=\u00bbnone\u00bb box_shadow=\u00bbnone\u00bb image_loading=\u00bbdefault\u00bb max_width=\u00bb100%\u00bb max_width_mobile=\u00bbdefault\u00bb][divider line_type=\u00bbNo Line\u00bb][\/vc_column][\/vc_row][vc_row type=\u00bbin_container\u00bb full_screen_row_position=\u00bbmiddle\u00bb column_margin=\u00bbdefault\u00bb scene_position=\u00bbcenter\u00bb text_color=\u00bbdark\u00bb text_align=\u00bbleft\u00bb overlay_strength=\u00bb0.3&#8243; shape_divider_position=\u00bbbottom\u00bb bg_image_animation=\u00bbnone\u00bb][vc_column column_padding=\u00bbno-extra-padding\u00bb column_padding_position=\u00bball\u00bb background_color_opacity=\u00bb1&#8243; background_hover_color_opacity=\u00bb1&#8243; column_link_target=\u00bb_self\u00bb column_shadow=\u00bbnone\u00bb column_border_radius=\u00bbnone\u00bb width=\u00bb1\/2&#8243; tablet_width_inherit=\u00bbdefault\u00bb tablet_text_alignment=\u00bbdefault\u00bb phone_text_alignment=\u00bbdefault\u00bb overlay_strength=\u00bb0.3&#8243; column_border_width=\u00bbnone\u00bb column_border_style=\u00bbsolid\u00bb bg_image_animation=\u00bbnone\u00bb][vc_column_text]\n<h5><span style=\"color: #2097fc;\"><span class=\"s1\"><span style=\"color: #808080;\">Nivel :<\/span> Avanzado<br \/>\n<\/span><\/span><span style=\"color: #2097fc;\"><span class=\"s1\"><span style=\"color: #808080;\">Duraci\u00f3n :<\/span>\u00a02 h<br \/>\n<\/span><span class=\"s1\"><span style=\"color: #808080;\">Recorrido:<\/span>\u00a06 Km<\/span><\/span><\/h5>\n[\/vc_column_text][divider line_type=\u00bbNo Line\u00bb][vc_gallery type=\u00bbnectarslider_style\u00bb images=\u00bb1665,1666,1667&#8243; image_loading=\u00bbdefault\u00bb bullet_navigation_style=\u00bbsee_through\u00bb onclick=\u00bblink_image\u00bb img_size=\u00bb500&#215;400&#8243;][\/vc_column][vc_column column_padding=\u00bbno-extra-padding\u00bb column_padding_position=\u00bball\u00bb background_color_opacity=\u00bb1&#8243; background_hover_color_opacity=\u00bb1&#8243; column_link_target=\u00bb_self\u00bb column_shadow=\u00bbnone\u00bb column_border_radius=\u00bbnone\u00bb width=\u00bb1\/2&#8243; tablet_width_inherit=\u00bbdefault\u00bb tablet_text_alignment=\u00bbdefault\u00bb phone_text_alignment=\u00bbdefault\u00bb overlay_strength=\u00bb0.3&#8243; column_border_width=\u00bbnone\u00bb column_border_style=\u00bbsolid\u00bb bg_image_animation=\u00bbnone\u00bb][vc_column_text]\n<h3><span style=\"color: #2097fc;\">TORRE DE H\u00c9RCULES<\/span><\/h3>\n<p>Salida desde la <a href=\"http:\/\/www.coruna.es\/servlet\/Satellite?cid=1370254303967&amp;itemID=1161698925158&amp;itemType=Entidad&amp;pagename=Medioambiente%2FPage%2FGenerico-Page-Generica\"><em>playa del Matadero<\/em><\/a>, avanzamos con rumbo <em>N-O<\/em> aprovechando la corriente del canal. Dejamos a nuestra derecha el edificio de <a href=\"http:\/\/mc2coruna.org\/domus\/\"><em>La Domus<\/em><\/a>, obra del prestigioso arquitecto Japon\u00e9s <a href=\"http:\/\/www.arataisozaki.org\/SPANISH\/span-project5.html\"><em>Arata Isozaki<\/em> <\/a> y, mas adelante, el <a href=\"http:\/\/mc2coruna.org\/aquarium\/\"><em>Aquarium Finisterrae<\/em><\/a>.Continuamos aproxim\u00e1ndonos al final de la bah\u00eda y pasamos la punta Orz\u00e1n bordeando la roca de la <em>Isla<\/em> y empezamos a sentir la sensaci\u00f3n de libertad que produce el oc\u00e9ano en aguas abiertas. Cambiamos el rumbo hacia el <em>E<\/em> en direcci\u00f3n al famoso pe\u00f1\u00f3n del <em>Boi<\/em>. Avistamos la imponente <a href=\"http:\/\/www.torredeherculesacoruna.com\"><em>Torre de H\u00e9rcules<\/em><\/a>, faro romano que est\u00e1 catalogado como el m\u00e1s antiguo del mundo en funcionamiento y s\u00edmbolo de la ciudad.<em>Cuando los romanos construyeron la Torre, eligieron unos terrenos que formaban parte de un espacio de culto o santuario ind\u00edgena. Era frecuente que los celtas consagraran promontorios costeros a divinidades asimilables a H\u00e9rcules. Adem\u00e1s en el caso coru\u00f1\u00e9s se da la coincidencia de que las tres rocas que se sit\u00faan en el mar, frente a Punta Eiras, se conocen como Buey (Boi), Vaca y Becerro, los mismos top\u00f3nimos que se repiten en el santuario de Kenmare, en la costa SO de Irlanda, en donde las tradiciones ubican la isla de Donn o de los Muertos. Por lo tanto, en los terrenos que rodean a la Torre habr\u00eda en \u00e9poca prerromana un santuario vinculado a las creencias del m\u00e1s all\u00e1 que corroborar\u00eda el car\u00e1cter sagrado de toda la zona.<\/em>Situados frente a la <em>punta Eiras<\/em>, ya a pi\u00e9s de la <em>Torre<\/em> y sus incre\u00edbles vistas. Ponemos rumbo <em>SE<\/em>, en direcci\u00f3n a la <a href=\"http:\/\/es.wikipedia.org\/wiki\/Playa_de_Las_Lapas\"><em>Playa de As Lapas<\/em><\/a>.Toda esta zona recuperada tiene un gran valor paisaj\u00edstico por ser un tramo de costa de enorme belleza natural, con acantilados abruptos que caen hacia el mar, formando un mont\u00f3n de entrantes y salientes donde rompen con violencia los d\u00edas de fuertes marejadas y que se pueden disfrutar desde el mar los d\u00edas de calma.Avanzamos hasta la playa de <em>As Lapas<\/em> y hacemos una parada para estirar, disfrutando de la belleza del lugar.Vuelta a la ruta, tras el descanso, iniciamos la vuelta a origen.[\/vc_column_text][\/vc_column][\/vc_row][vc_row type=\u00bbfull_width_background\u00bb full_screen_row_position=\u00bbmiddle\u00bb column_margin=\u00bbdefault\u00bb bg_color=\u00bb#2ac4ea\u00bb scene_position=\u00bbcenter\u00bb text_color=\u00bbdark\u00bb text_align=\u00bbleft\u00bb overlay_strength=\u00bb0.3&#8243; shape_divider_position=\u00bbbottom\u00bb bg_image_animation=\u00bbnone\u00bb][vc_column column_padding=\u00bbno-extra-padding\u00bb column_padding_position=\u00bball\u00bb background_color_opacity=\u00bb1&#8243; background_hover_color_opacity=\u00bb1&#8243; column_link_target=\u00bb_self\u00bb column_shadow=\u00bbnone\u00bb column_border_radius=\u00bbnone\u00bb width=\u00bb1\/1&#8243; tablet_width_inherit=\u00bbdefault\u00bb tablet_text_alignment=\u00bbdefault\u00bb phone_text_alignment=\u00bbdefault\u00bb overlay_strength=\u00bb0.3&#8243; column_border_width=\u00bbnone\u00bb column_border_style=\u00bbsolid\u00bb bg_image_animation=\u00bbnone\u00bb][vc_column_text]<span style=\"color: #ffffff;\"><em>*todas nuestras rutas han sido elaboradas y realizadas previamente repetidas veces por miembros expertos del surf club Lobos de Mar. Nuestros gu\u00edas cuentan con m\u00e1s de 25 a\u00f1os de experiencia de surf en \u00e9stas aguas.Nunca se deben realizar \u00e9stas rutas en solitario y tampoco sin la compa\u00f1\u00eda de un gu\u00eda experto.Siempre confirmamos la realizaci\u00f3n de cada ruta tras examinar las previsiones meteorol\u00f3gicas y el estado del mar.Por seguridad, cada gu\u00eda tiene contacto permanente con las entidades de salvamento por si, en caso necesario, hubiera riesgo de una posible evacuaci\u00f3n.Nunca se realizar\u00e1 una ruta si no se cumplen las condiciones de seguridad en funci\u00f3n del nivel de los participantes.Es imprescindible pertenecer al Club Lobos de Mar, recibir la formaci\u00f3n b\u00e1sica y estar cubierto por nuestro seguro para poder acceder a una ruta y al material del Club.El Club Lobos de Mar es una entidad sin \u00e1nimo de lucro cuyo objetivo es la promoci\u00f3n del deporte del surfing en sus diferentes categor\u00edas. A trav\u00e9s de las cuotas de los socios, se financian los proyectos y se adquiere el material t\u00e9cnico necesario para poder ser realizados.<\/em><\/span>[\/vc_column_text][\/vc_column][\/vc_row][vc_column column_padding=\u00bbno-extra-padding\u00bb column_padding_position=\u00bball\u00bb background_color_opacity=\u00bb1&#8243; background_hover_color_opacity=\u00bb1&#8243; column_link_target=\u00bb_self\u00bb column_shadow=\u00bbnone\u00bb column_border_radius=\u00bbnone\u00bb width=\u00bb3\/4&#8243; tablet_width_inherit=\u00bbdefault\u00bb tablet_text_alignment=\u00bbdefault\u00bb phone_text_alignment=\u00bbdefault\u00bb overlay_strength=\u00bb0.3&#8243; column_border_width=\u00bbnone\u00bb column_border_style=\u00bbsolid\u00bb bg_image_animation=\u00bbnone\u00bb][\/vc_column][vc_column column_padding=\u00bbno-extra-padding\u00bb column_padding_position=\u00bball\u00bb background_color_opacity=\u00bb1&#8243; background_hover_color_opacity=\u00bb1&#8243; column_link_target=\u00bb_self\u00bb column_shadow=\u00bbnone\u00bb column_border_radius=\u00bbnone\u00bb width=\u00bb3\/4&#8243; tablet_width_inherit=\u00bbdefault\u00bb tablet_text_alignment=\u00bbdefault\u00bb phone_text_alignment=\u00bbdefault\u00bb overlay_strength=\u00bb0.3&#8243; column_border_width=\u00bbnone\u00bb column_border_style=\u00bbsolid\u00bb bg_image_animation=\u00bbnone\u00bb][\/vc_column]\n","protected":false},"excerpt":{"rendered":"<p>[vc_row type=\u00bbfull_width_content\u00bb full_screen_row_position=\u00bbmiddle\u00bb vertically_center_columns=\u00bbtrue\u00bb column_margin=\u00bbdefault\u00bb scene_position=\u00bbcenter\u00bb text_color=\u00bbdark\u00bb text_align=\u00bbleft\u00bb overlay_strength=\u00bb0.3&#8243; shape_divider_position=\u00bbbottom\u00bb bg_image_animation=\u00bbnone\u00bb][vc_column column_padding=\u00bbno-extra-padding\u00bb column_padding_position=\u00bball\u00bb background_color_opacity=\u00bb1&#8243; background_hover_color_opacity=\u00bb1&#8243; column_link_target=\u00bb_self\u00bb column_shadow=\u00bbnone\u00bb column_border_radius=\u00bbnone\u00bb width=\u00bb1\/1&#8243; tablet_width_inherit=\u00bbdefault\u00bb tablet_text_alignment=\u00bbdefault\u00bb phone_text_alignment=\u00bbdefault\u00bb overlay_strength=\u00bb0.3&#8243; column_border_width=\u00bbnone\u00bb column_border_style=\u00bbsolid\u00bb bg_image_animation=\u00bbnone\u00bb][image_with_animation image_url=\u00bb1495&#8243; alignment=\u00bbcenter\u00bb animation=\u00bbFade In\u00bb&#8230;<\/p>\n","protected":false},"author":1,"featured_media":0,"parent":0,"menu_order":0,"comment_status":"open","ping_status":"open","template":"","meta":{"footnotes":""},"_links":{"self":[{"href":"http:\/\/www.paddlesurftours.es\/index.php\/wp-json\/wp\/v2\/pages\/1269"}],"collection":[{"href":"http:\/\/www.paddlesurftours.es\/index.php\/wp-json\/wp\/v2\/pages"}],"about":[{"href":"http:\/\/www.paddlesurftours.es\/index.php\/wp-json\/wp\/v2\/types\/page"}],"author":[{"embeddable":true,"href":"http:\/\/www.paddlesurftours.es\/index.php\/wp-json\/wp\/v2\/users\/1"}],"replies":[{"embeddable":true,"href":"http:\/\/www.paddlesurftours.es\/index.php\/wp-json\/wp\/v2\/comments?post=1269"}],"version-history":[{"count":15,"href":"http:\/\/www.paddlesurftours.es\/index.php\/wp-json\/wp\/v2\/pages\/1269\/revisions"}],"predecessor-version":[{"id":1772,"href":"http:\/\/www.paddlesurftours.es\/index.php\/wp-json\/wp\/v2\/pages\/1269\/revisions\/1772"}],"wp:attachment":[{"href":"http:\/\/www.paddlesurftours.es\/index.php\/wp-json\/wp\/v2\/media?parent=1269"}],"curies":[{"name":"wp","href":"https:\/\/api.w.org\/{rel}","templated":true}]}}