{"id":1271,"date":"2015-06-10T16:47:28","date_gmt":"2015-06-10T16:47:28","guid":{"rendered":"http:\/\/www.paddlesurftours.es\/?page_id=1271"},"modified":"2020-05-24T10:33:03","modified_gmt":"2020-05-24T10:33:03","slug":"portino","status":"publish","type":"page","link":"http:\/\/www.paddlesurftours.es\/index.php\/portino\/","title":{"rendered":"O PORTI\u00d1O"},"content":{"rendered":"[vc_row type=\u00bbfull_width_content\u00bb full_screen_row_position=\u00bbmiddle\u00bb vertically_center_columns=\u00bbtrue\u00bb column_margin=\u00bbdefault\u00bb scene_position=\u00bbcenter\u00bb text_color=\u00bbdark\u00bb text_align=\u00bbleft\u00bb overlay_strength=\u00bb0.3&#8243; shape_divider_position=\u00bbbottom\u00bb bg_image_animation=\u00bbnone\u00bb][vc_column column_padding=\u00bbno-extra-padding\u00bb column_padding_position=\u00bball\u00bb background_color_opacity=\u00bb1&#8243; background_hover_color_opacity=\u00bb1&#8243; column_link_target=\u00bb_self\u00bb column_shadow=\u00bbnone\u00bb column_border_radius=\u00bbnone\u00bb width=\u00bb1\/1&#8243; tablet_width_inherit=\u00bbdefault\u00bb tablet_text_alignment=\u00bbdefault\u00bb phone_text_alignment=\u00bbdefault\u00bb overlay_strength=\u00bb0.3&#8243; column_border_width=\u00bbnone\u00bb column_border_style=\u00bbsolid\u00bb bg_image_animation=\u00bbnone\u00bb][image_with_animation image_url=\u00bb1469&#8243; alignment=\u00bbcenter\u00bb animation=\u00bbFade In\u00bb hover_animation=\u00bbnone\u00bb border_radius=\u00bbnone\u00bb box_shadow=\u00bbnone\u00bb image_loading=\u00bbdefault\u00bb max_width=\u00bb100%\u00bb max_width_mobile=\u00bbdefault\u00bb][divider line_type=\u00bbNo Line\u00bb][\/vc_column][\/vc_row][vc_row type=\u00bbin_container\u00bb full_screen_row_position=\u00bbmiddle\u00bb column_margin=\u00bbdefault\u00bb scene_position=\u00bbcenter\u00bb text_color=\u00bbdark\u00bb text_align=\u00bbleft\u00bb overlay_strength=\u00bb0.3&#8243; shape_divider_position=\u00bbbottom\u00bb bg_image_animation=\u00bbnone\u00bb][vc_column column_padding=\u00bbno-extra-padding\u00bb column_padding_position=\u00bball\u00bb background_color_opacity=\u00bb1&#8243; background_hover_color_opacity=\u00bb1&#8243; column_link_target=\u00bb_self\u00bb column_shadow=\u00bbnone\u00bb column_border_radius=\u00bbnone\u00bb width=\u00bb1\/2&#8243; tablet_width_inherit=\u00bbdefault\u00bb tablet_text_alignment=\u00bbdefault\u00bb phone_text_alignment=\u00bbdefault\u00bb overlay_strength=\u00bb0.3&#8243; column_border_width=\u00bbnone\u00bb column_border_style=\u00bbsolid\u00bb bg_image_animation=\u00bbnone\u00bb][vc_column_text]\n<h5><span style=\"color: #2097fc;\"><span class=\"s1\"><span style=\"color: #808080;\">Nivel :<\/span> Avanzado \/ Traves\u00eda especial<br \/>\n<\/span><\/span><span style=\"color: #2097fc;\"><span class=\"s1\"><span style=\"color: #808080;\">Duraci\u00f3n :<\/span>\u00a02\/4 h<br \/>\n<\/span><span class=\"s1\"><span style=\"color: #808080;\">Recorrido:<\/span>\u00a05\/10 Km<\/span><\/span><\/h5>\n[\/vc_column_text][divider line_type=\u00bbNo Line\u00bb][vc_gallery type=\u00bbnectarslider_style\u00bb images=\u00bb1482,1406,1405,1404&#8243; image_loading=\u00bbdefault\u00bb bullet_navigation_style=\u00bbsee_through\u00bb onclick=\u00bblink_image\u00bb img_size=\u00bb500&#215;400&#8243;][\/vc_column][vc_column column_padding=\u00bbno-extra-padding\u00bb column_padding_position=\u00bball\u00bb background_color_opacity=\u00bb1&#8243; background_hover_color_opacity=\u00bb1&#8243; column_link_target=\u00bb_self\u00bb column_shadow=\u00bbnone\u00bb column_border_radius=\u00bbnone\u00bb width=\u00bb1\/2&#8243; tablet_width_inherit=\u00bbdefault\u00bb tablet_text_alignment=\u00bbdefault\u00bb phone_text_alignment=\u00bbdefault\u00bb overlay_strength=\u00bb0.3&#8243; column_border_width=\u00bbnone\u00bb column_border_style=\u00bbsolid\u00bb bg_image_animation=\u00bbnone\u00bb][vc_column_text]\n<h3><span style=\"color: #2097fc;\">O PORTI\u00d1O<\/span><\/h3>\n<p>Salida desde la <a href=\"http:\/\/www.coruna.es\/servlet\/Satellite?cid=1370254303967&amp;itemID=1161698925158&amp;itemType=Entidad&amp;pagename=Medioambiente%2FPage%2FGenerico-Page-Generica\"><em>playa del Matadero<\/em><\/a>, avanzamos con rumbo <em>N-O<\/em> aprovechando la corriente del canal. Dejamos a nuestra derecha el edificio de <a href=\"http:\/\/mc2coruna.org\/domus\/\"><em>La Domus<\/em><\/a> , y, mas adelante, el <a href=\"http:\/\/mc2coruna.org\/aquarium\/\"><em>Aquarium Finisterrae<\/em><\/a>.Continuamos aproxim\u00e1ndonos al final de la bah\u00eda y, a la altura de la <em>Punta Orz\u00e1n<\/em>, cambiamos el rumbo <em>O<\/em> hacia la <em>Punta Pena Boa<\/em>, en el otro extremo de la bah\u00eda, atravesando totalmente por el exterior, donde empezamos a sentir la sensaci\u00f3n de libertad que produce el oc\u00e9ano en aguas abiertas.Poco a poco nos aproximamos a la punta y volvemos a acercarnos a tierra firme a los pies del <em>Monte de<\/em> <em>San Pedro<\/em>.Siempre con rumbo O, pasamos la <em>Punta Pena Boa<\/em> y la roca <em>A Zambela<\/em>, cambiando el rumbo a S-O, en paralelo a la costa, encarando la <em>Punta Paredes<\/em>, bajo los <a href=\"http:\/\/es.wikipedia.org\/wiki\/Ca%C3%B1ones_del_Monte_de_San_Pedro\">Ca\u00f1ones de San Pedro<\/a>, puerta de entrada al canal del <em>Carreiro<\/em>, protegido del oc\u00e9ano por las <a href=\"http:\/\/www.coruna.es\/servlet\/Satellite?cid=1322782141087&amp;itemID=1348449353402&amp;itemType=Entidad&amp;pagename=Medioambiente%2FPage%2FGenerico-Page-Generica\"><em>Islas de San Pedro<\/em><\/a>: <em>Illa Agui\u00f3n<\/em> recibi\u00e9ndonos, seguida de <em>A Illa do P\u00e9<\/em>, con un hermoso canal, y ya acerc\u00e1ndonos a <em>O Porti\u00f1o<\/em>, <em>la <\/em><a href=\"http:\/\/flickriver.com\/photos\/uxiorivas\/10051129344\/\"><em>Illa do Vandabal<\/em><\/a>. Siempre con el <em>Monte de San Pedro <\/em>a nuestra izquierda.Llegada y parada para reponer fuerzas y estirar en <em>O Porti\u00f1o<\/em>, disfrutando de la belleza del lugar.<em>*Esta ruta se puede hacer solo ida o la ruta completa en funci\u00f3n del grupo.<\/em>Vuelta a origen:Rumbo <em>N-E<\/em> hacia <em>A Zambela<\/em>, cambiamos rumbo hacia el <em>S-O<\/em> direcci\u00f3n <em>Riazor<\/em>. Tras pasar el <em>Millenium<\/em>, hacemos parada en alguna de las calitas de <em>San Roque para estirar<\/em>.Continuamos ruta <em>S-O<\/em> por la ensenada de <em>Riazor<\/em> , hasta llegar a la playa por el canal, atravesando los arrecifes de junto a las <em>Segundas<\/em>, que son unas grandes rocas, normalmente pobladas por alg\u00fan <em>cormor\u00e1n mo\u00f1udo <\/em><a href=\"https:\/\/es.wikipedia.org\/wiki\/Phalacrocorax_aristotelis\">(<em>Phalacrocorax aristotelis)<\/em><\/a> que seca sus alas al sol. Dependiendo la \u00e9poca del a\u00f1o incluso podemos tener la suerte de contar con la presencia del <em>delf\u00edn mular<\/em>, conocido en Galicia como <em>arroaz<\/em> <a href=\"http:\/\/es.wikipedia.org\/wiki\/Tursiops_truncatus\">(<em>Tursiops truncatus<\/em>).<\/a>Vuelta en paralelo a la playa del <em>Orz\u00e1n<\/em> hasta origen y disfrutamos de las especiales vistas de la ciudad desde el mar.[\/vc_column_text][\/vc_column][\/vc_row][vc_column column_padding=\u00bbno-extra-padding\u00bb column_padding_position=\u00bball\u00bb background_color_opacity=\u00bb1&#8243; background_hover_color_opacity=\u00bb1&#8243; column_link_target=\u00bb_self\u00bb column_shadow=\u00bbnone\u00bb column_border_radius=\u00bbnone\u00bb width=\u00bb3\/4&#8243; tablet_width_inherit=\u00bbdefault\u00bb tablet_text_alignment=\u00bbdefault\u00bb phone_text_alignment=\u00bbdefault\u00bb overlay_strength=\u00bb0.3&#8243; column_border_width=\u00bbnone\u00bb column_border_style=\u00bbsolid\u00bb bg_image_animation=\u00bbnone\u00bb][\/vc_column][vc_row type=\u00bbfull_width_background\u00bb full_screen_row_position=\u00bbmiddle\u00bb column_margin=\u00bbdefault\u00bb bg_color=\u00bb#2ac4ea\u00bb scene_position=\u00bbcenter\u00bb text_color=\u00bbdark\u00bb text_align=\u00bbleft\u00bb overlay_strength=\u00bb0.3&#8243; shape_divider_position=\u00bbbottom\u00bb bg_image_animation=\u00bbnone\u00bb][vc_column column_padding=\u00bbno-extra-padding\u00bb column_padding_position=\u00bball\u00bb background_color_opacity=\u00bb1&#8243; background_hover_color_opacity=\u00bb1&#8243; column_link_target=\u00bb_self\u00bb column_shadow=\u00bbnone\u00bb column_border_radius=\u00bbnone\u00bb width=\u00bb1\/1&#8243; tablet_width_inherit=\u00bbdefault\u00bb tablet_text_alignment=\u00bbdefault\u00bb phone_text_alignment=\u00bbdefault\u00bb overlay_strength=\u00bb0.3&#8243; column_border_width=\u00bbnone\u00bb column_border_style=\u00bbsolid\u00bb bg_image_animation=\u00bbnone\u00bb][vc_column_text]<span style=\"color: #ffffff;\"><em>*todas nuestras rutas han sido elaboradas y realizadas previamente repetidas veces por miembros expertos del surf club Lobos de Mar. Nuestros gu\u00edas cuentan con m\u00e1s de 25 a\u00f1os de experiencia de surf en \u00e9stas aguas.Nunca se deben realizar \u00e9stas rutas en solitario y tampoco sin la compa\u00f1\u00eda de un gu\u00eda experto.Siempre confirmamos la realizaci\u00f3n de cada ruta tras examinar las previsiones meteorol\u00f3gicas y el estado del mar.Por seguridad, cada gu\u00eda tiene contacto permanente con las entidades de salvamento por si, en caso necesario, hubiera riesgo de una posible evacuaci\u00f3n.Nunca se realizar\u00e1 una ruta si no se cumplen las condiciones de seguridad en funci\u00f3n del nivel de los participantes.Es imprescindible pertenecer al Club Lobos de Mar, recibir la formaci\u00f3n b\u00e1sica y estar cubierto por nuestro seguro para poder acceder a una ruta y al material del Club.El Club Lobos de Mar es una entidad sin \u00e1nimo de lucro cuyo objetivo es la promoci\u00f3n del deporte del surfing en sus diferentes categor\u00edas. A trav\u00e9s de las cuotas de los socios, se financian los proyectos y se adquiere el material t\u00e9cnico necesario para poder ser realizados.<\/em><\/span>[\/vc_column_text][\/vc_column][\/vc_row]\n","protected":false},"excerpt":{"rendered":"<p>[vc_row type=\u00bbfull_width_content\u00bb full_screen_row_position=\u00bbmiddle\u00bb vertically_center_columns=\u00bbtrue\u00bb column_margin=\u00bbdefault\u00bb scene_position=\u00bbcenter\u00bb text_color=\u00bbdark\u00bb text_align=\u00bbleft\u00bb overlay_strength=\u00bb0.3&#8243; shape_divider_position=\u00bbbottom\u00bb bg_image_animation=\u00bbnone\u00bb][vc_column column_padding=\u00bbno-extra-padding\u00bb column_padding_position=\u00bball\u00bb background_color_opacity=\u00bb1&#8243; background_hover_color_opacity=\u00bb1&#8243; column_link_target=\u00bb_self\u00bb column_shadow=\u00bbnone\u00bb column_border_radius=\u00bbnone\u00bb width=\u00bb1\/1&#8243; tablet_width_inherit=\u00bbdefault\u00bb tablet_text_alignment=\u00bbdefault\u00bb phone_text_alignment=\u00bbdefault\u00bb overlay_strength=\u00bb0.3&#8243; column_border_width=\u00bbnone\u00bb column_border_style=\u00bbsolid\u00bb bg_image_animation=\u00bbnone\u00bb][image_with_animation image_url=\u00bb1469&#8243; alignment=\u00bbcenter\u00bb animation=\u00bbFade In\u00bb&#8230;<\/p>\n","protected":false},"author":1,"featured_media":0,"parent":0,"menu_order":0,"comment_status":"open","ping_status":"open","template":"","meta":{"footnotes":""},"_links":{"self":[{"href":"http:\/\/www.paddlesurftours.es\/index.php\/wp-json\/wp\/v2\/pages\/1271"}],"collection":[{"href":"http:\/\/www.paddlesurftours.es\/index.php\/wp-json\/wp\/v2\/pages"}],"about":[{"href":"http:\/\/www.paddlesurftours.es\/index.php\/wp-json\/wp\/v2\/types\/page"}],"author":[{"embeddable":true,"href":"http:\/\/www.paddlesurftours.es\/index.php\/wp-json\/wp\/v2\/users\/1"}],"replies":[{"embeddable":true,"href":"http:\/\/www.paddlesurftours.es\/index.php\/wp-json\/wp\/v2\/comments?post=1271"}],"version-history":[{"count":22,"href":"http:\/\/www.paddlesurftours.es\/index.php\/wp-json\/wp\/v2\/pages\/1271\/revisions"}],"predecessor-version":[{"id":1773,"href":"http:\/\/www.paddlesurftours.es\/index.php\/wp-json\/wp\/v2\/pages\/1271\/revisions\/1773"}],"wp:attachment":[{"href":"http:\/\/www.paddlesurftours.es\/index.php\/wp-json\/wp\/v2\/media?parent=1271"}],"curies":[{"name":"wp","href":"https:\/\/api.w.org\/{rel}","templated":true}]}}