{"id":1514,"date":"2015-07-01T09:07:21","date_gmt":"2015-07-01T09:07:21","guid":{"rendered":"http:\/\/www.paddlesurftours.es\/?page_id=1514"},"modified":"2020-06-18T07:15:22","modified_gmt":"2020-06-18T07:15:22","slug":"tarifas-rates","status":"publish","type":"page","link":"http:\/\/www.paddlesurftours.es\/index.php\/tarifas-rates\/","title":{"rendered":"TARIFAS \/ RATES"},"content":{"rendered":"[vc_row type=\u00bbin_container\u00bb full_screen_row_position=\u00bbmiddle\u00bb column_margin=\u00bbdefault\u00bb scene_position=\u00bbcenter\u00bb text_color=\u00bbdark\u00bb text_align=\u00bbleft\u00bb overlay_strength=\u00bb0.3&#8243; shape_divider_position=\u00bbbottom\u00bb bg_image_animation=\u00bbnone\u00bb][vc_column column_padding=\u00bbno-extra-padding\u00bb column_padding_position=\u00bball\u00bb background_color_opacity=\u00bb1&#8243; background_hover_color_opacity=\u00bb1&#8243; column_link_target=\u00bb_self\u00bb column_shadow=\u00bbnone\u00bb column_border_radius=\u00bbnone\u00bb width=\u00bb2\/3&#8243; tablet_width_inherit=\u00bbdefault\u00bb tablet_text_alignment=\u00bbdefault\u00bb phone_text_alignment=\u00bbdefault\u00bb overlay_strength=\u00bb0.3&#8243; column_border_width=\u00bbnone\u00bb column_border_style=\u00bbsolid\u00bb bg_image_animation=\u00bbnone\u00bb][vc_column_text]<strong>Disfrutar del Paddle Surf con nosotros es muy sencillo.<br \/>\n<\/strong>Solo tienes que\u00a0<strong><a href=\"http:\/\/www.paddlesurftours.es\/index.php\/contact\/\">hacer tu reserva\u00a0<\/a><\/strong><span class=\"s1\">y nosotros nos pondremos en contacto.<\/span>[\/vc_column_text][pricing_table style=\u00bbdefault\u00bb][pricing_column color=\u00bbAccent-Color\u00bb title=\u00bbAPORTACI\u00d3N CRISIS COVID-19&#8243; id=\u00bb1592464112982-7&#8243; tab_id=\u00bb1592464112983-5&#8243; price=\u00bb2X1&#8243; currency_symbol=\u00bb\u20ac\u00bb interval=\u00bbEn RUTAS PARA COMPARTIR !!\u00bb]\n<p class=\"p1\"><span class=\"s1\">2X1 en <strong>BONOS de TEMPORADA 19<\/strong> con rutas pendientes.<\/span><\/p>\n[\/pricing_column][\/pricing_table][vc_column_text]\n<p class=\"p1\"><span class=\"s1\"><i>Tras estos meses tan complicados por causa de la crisis sanitaria, queremos ofrecer nuestra aportaci\u00f3n a los participantes de nuestras actividades.\u00a0<\/i><\/span><\/p>\n<p class=\"p1\"><span class=\"s1\"><i>Un estilo de vida saludable y el ejercicio realizado en plena naturaleza es la mejor manera de recuperarse tras el confinamiento.<\/i><\/span><\/p>\n<p class=\"p1\"><span class=\"s1\"><i><br \/>\n<\/i><\/span><i>*Iniciaremos las actividades esta temporada\u00a0 a partir del 1 de junio. <\/i><\/p>\n<p class=\"p1\"><i>La seguridad es nuestro principal objetivo, as\u00ed que hemos tomado las medidas oportunas para proteger a los participantes seg\u00fan el protocolo F.E.S. y C.S.D en materias de desinfecci\u00f3n del material, distancia de seguridad y grupos reducidos.\u00a0<\/i><\/p>\n<p class=\"p1\"><i> Reserva ya tu bono y te avisaremos en cuanto las condiciones sean las adecuadas para disfrutar de la experiencia Paddle Surf Tours.<\/i><\/p>\n<p>\u00a0[\/vc_column_text][\/vc_column][vc_column column_padding=\u00bbno-extra-padding\u00bb column_padding_position=\u00bball\u00bb background_color_opacity=\u00bb1&#8243; background_hover_color_opacity=\u00bb1&#8243; column_link_target=\u00bb_self\u00bb column_shadow=\u00bbnone\u00bb column_border_radius=\u00bbnone\u00bb width=\u00bb1\/3&#8243; tablet_width_inherit=\u00bbdefault\u00bb tablet_text_alignment=\u00bbdefault\u00bb phone_text_alignment=\u00bbdefault\u00bb overlay_strength=\u00bb0.3&#8243; column_border_width=\u00bbnone\u00bb column_border_style=\u00bbsolid\u00bb bg_image_animation=\u00bbnone\u00bb][image_with_animation image_url=\u00bb1638&#8243; alignment=\u00bb\u00bb animation=\u00bbFade In\u00bb hover_animation=\u00bbnone\u00bb border_radius=\u00bbnone\u00bb box_shadow=\u00bbnone\u00bb image_loading=\u00bbdefault\u00bb max_width=\u00bb100%\u00bb max_width_mobile=\u00bbdefault\u00bb][\/vc_column][\/vc_row][vc_row type=\u00bbin_container\u00bb full_screen_row_position=\u00bbmiddle\u00bb column_margin=\u00bbdefault\u00bb scene_position=\u00bbcenter\u00bb text_color=\u00bbdark\u00bb text_align=\u00bbleft\u00bb overlay_strength=\u00bb0.3&#8243; shape_divider_position=\u00bbbottom\u00bb bg_image_animation=\u00bbnone\u00bb][vc_column column_padding=\u00bbno-extra-padding\u00bb column_padding_position=\u00bball\u00bb background_color_opacity=\u00bb1&#8243; background_hover_color_opacity=\u00bb1&#8243; column_link_target=\u00bb_self\u00bb column_shadow=\u00bbnone\u00bb column_border_radius=\u00bbnone\u00bb width=\u00bb2\/3&#8243; tablet_width_inherit=\u00bbdefault\u00bb tablet_text_alignment=\u00bbdefault\u00bb phone_text_alignment=\u00bbdefault\u00bb overlay_strength=\u00bb0.3&#8243; column_border_width=\u00bbnone\u00bb column_border_style=\u00bbsolid\u00bb bg_image_animation=\u00bbnone\u00bb][pricing_table style=\u00bbdefault\u00bb][pricing_column color=\u00bbAccent-Color\u00bb title=\u00bbACTIVIDAD DEPORTIVA TOUR\u00bb id=\u00bb1592464113269-6&#8243; tab_id=\u00bb1592464113270-0&#8243; price=\u00bb25&#8243; currency_symbol=\u00bb\u20ac\u00bb interval=\u00bbRuta\u00bb][\/pricing_column][pricing_column color=\u00bbAccent-Color\u00bb title=\u00bbBONO 5 RUTAS\u00bb id=\u00bb1592464113317-8&#8243; tab_id=\u00bb1592464113318-7&#8243; price=\u00bb100&#8243; currency_symbol=\u00bb\u20ac\u00bb interval=\u00bbRutas\u00bb]<span style=\"color: #008ef2;\">Te sale cada ruta en 20 \u20ac<\/span>[\/pricing_column][pricing_column color=\u00bbAccent-Color\u00bb title=\u00bbBONO 10 RUTAS\u00bb id=\u00bb1592464113355-5&#8243; tab_id=\u00bb1592464113356-4&#8243; price=\u00bb150&#8243; currency_symbol=\u00bb\u20ac\u00bb interval=\u00bbRutas\u00bb]<span style=\"color: #008ef2;\">Te sale cada ruta en 15 \u20ac<\/span>[\/pricing_column][\/pricing_table][\/vc_column][vc_column column_padding=\u00bbno-extra-padding\u00bb column_padding_position=\u00bball\u00bb background_color_opacity=\u00bb1&#8243; background_hover_color_opacity=\u00bb1&#8243; column_link_target=\u00bb_self\u00bb column_shadow=\u00bbnone\u00bb column_border_radius=\u00bbnone\u00bb width=\u00bb1\/3&#8243; tablet_width_inherit=\u00bbdefault\u00bb tablet_text_alignment=\u00bbdefault\u00bb phone_text_alignment=\u00bbdefault\u00bb overlay_strength=\u00bb0.3&#8243; column_border_width=\u00bbnone\u00bb column_border_style=\u00bbsolid\u00bb bg_image_animation=\u00bbnone\u00bb][image_with_animation image_url=\u00bb1515&#8243; alignment=\u00bb\u00bb animation=\u00bbFade In\u00bb hover_animation=\u00bbnone\u00bb border_radius=\u00bbnone\u00bb box_shadow=\u00bbnone\u00bb image_loading=\u00bbdefault\u00bb max_width=\u00bb100%\u00bb max_width_mobile=\u00bbdefault\u00bb][\/vc_column][\/vc_row]\n","protected":false},"excerpt":{"rendered":"<p>[vc_row type=\u00bbin_container\u00bb full_screen_row_position=\u00bbmiddle\u00bb column_margin=\u00bbdefault\u00bb scene_position=\u00bbcenter\u00bb text_color=\u00bbdark\u00bb text_align=\u00bbleft\u00bb overlay_strength=\u00bb0.3&#8243; shape_divider_position=\u00bbbottom\u00bb bg_image_animation=\u00bbnone\u00bb][vc_column column_padding=\u00bbno-extra-padding\u00bb column_padding_position=\u00bball\u00bb background_color_opacity=\u00bb1&#8243; background_hover_color_opacity=\u00bb1&#8243; column_link_target=\u00bb_self\u00bb column_shadow=\u00bbnone\u00bb column_border_radius=\u00bbnone\u00bb width=\u00bb2\/3&#8243; tablet_width_inherit=\u00bbdefault\u00bb tablet_text_alignment=\u00bbdefault\u00bb phone_text_alignment=\u00bbdefault\u00bb overlay_strength=\u00bb0.3&#8243; column_border_width=\u00bbnone\u00bb column_border_style=\u00bbsolid\u00bb bg_image_animation=\u00bbnone\u00bb][vc_column_text]Disfrutar del Paddle Surf con nosotros&#8230;<\/p>\n","protected":false},"author":1,"featured_media":0,"parent":0,"menu_order":0,"comment_status":"closed","ping_status":"open","template":"","meta":{"footnotes":""},"_links":{"self":[{"href":"http:\/\/www.paddlesurftours.es\/index.php\/wp-json\/wp\/v2\/pages\/1514"}],"collection":[{"href":"http:\/\/www.paddlesurftours.es\/index.php\/wp-json\/wp\/v2\/pages"}],"about":[{"href":"http:\/\/www.paddlesurftours.es\/index.php\/wp-json\/wp\/v2\/types\/page"}],"author":[{"embeddable":true,"href":"http:\/\/www.paddlesurftours.es\/index.php\/wp-json\/wp\/v2\/users\/1"}],"replies":[{"embeddable":true,"href":"http:\/\/www.paddlesurftours.es\/index.php\/wp-json\/wp\/v2\/comments?post=1514"}],"version-history":[{"count":64,"href":"http:\/\/www.paddlesurftours.es\/index.php\/wp-json\/wp\/v2\/pages\/1514\/revisions"}],"predecessor-version":[{"id":1776,"href":"http:\/\/www.paddlesurftours.es\/index.php\/wp-json\/wp\/v2\/pages\/1514\/revisions\/1776"}],"wp:attachment":[{"href":"http:\/\/www.paddlesurftours.es\/index.php\/wp-json\/wp\/v2\/media?parent=1514"}],"curies":[{"name":"wp","href":"https:\/\/api.w.org\/{rel}","templated":true}]}}