{"id":1263,"date":"2015-06-10T16:46:02","date_gmt":"2015-06-10T16:46:02","guid":{"rendered":"http:\/\/www.paddlesurftours.es\/?page_id=1263"},"modified":"2020-05-24T10:27:13","modified_gmt":"2020-05-24T10:27:13","slug":"acuarium-finisterrae","status":"publish","type":"page","link":"https:\/\/www.paddlesurftours.es\/index.php\/acuarium-finisterrae\/","title":{"rendered":"ACUARIUM FINISTERRAE"},"content":{"rendered":"[vc_row type=\u00bbfull_width_content\u00bb full_screen_row_position=\u00bbmiddle\u00bb vertically_center_columns=\u00bbtrue\u00bb column_margin=\u00bbdefault\u00bb scene_position=\u00bbcenter\u00bb text_color=\u00bbdark\u00bb text_align=\u00bbleft\u00bb overlay_strength=\u00bb0.3&#8243; shape_divider_position=\u00bbbottom\u00bb bg_image_animation=\u00bbnone\u00bb][vc_column column_padding=\u00bbno-extra-padding\u00bb column_padding_position=\u00bball\u00bb background_color_opacity=\u00bb1&#8243; background_hover_color_opacity=\u00bb1&#8243; column_link_target=\u00bb_self\u00bb column_shadow=\u00bbnone\u00bb column_border_radius=\u00bbnone\u00bb width=\u00bb1\/1&#8243; tablet_width_inherit=\u00bbdefault\u00bb tablet_text_alignment=\u00bbdefault\u00bb phone_text_alignment=\u00bbdefault\u00bb overlay_strength=\u00bb0.3&#8243; column_border_width=\u00bbnone\u00bb column_border_style=\u00bbsolid\u00bb bg_image_animation=\u00bbnone\u00bb][image_with_animation image_url=\u00bb1303&#8243; alignment=\u00bbcenter\u00bb animation=\u00bbFade In\u00bb hover_animation=\u00bbnone\u00bb border_radius=\u00bbnone\u00bb box_shadow=\u00bbnone\u00bb image_loading=\u00bbdefault\u00bb max_width=\u00bb100%\u00bb max_width_mobile=\u00bbdefault\u00bb][divider line_type=\u00bbNo Line\u00bb][\/vc_column][\/vc_row][vc_row type=\u00bbin_container\u00bb full_screen_row_position=\u00bbmiddle\u00bb column_margin=\u00bbdefault\u00bb scene_position=\u00bbcenter\u00bb text_color=\u00bbdark\u00bb text_align=\u00bbleft\u00bb overlay_strength=\u00bb0.3&#8243; shape_divider_position=\u00bbbottom\u00bb bg_image_animation=\u00bbnone\u00bb][vc_column column_padding=\u00bbno-extra-padding\u00bb column_padding_position=\u00bball\u00bb background_color_opacity=\u00bb1&#8243; background_hover_color_opacity=\u00bb1&#8243; column_link_target=\u00bb_self\u00bb column_shadow=\u00bbnone\u00bb column_border_radius=\u00bbnone\u00bb width=\u00bb1\/2&#8243; tablet_width_inherit=\u00bbdefault\u00bb tablet_text_alignment=\u00bbdefault\u00bb phone_text_alignment=\u00bbdefault\u00bb overlay_strength=\u00bb0.3&#8243; column_border_width=\u00bbnone\u00bb column_border_style=\u00bbsolid\u00bb bg_image_animation=\u00bbnone\u00bb][vc_column_text]\n<h5><span style=\"color: #2097fc;\"><span class=\"s1\"><span style=\"color: #808080;\">Nivel :<\/span> Iniciaci\u00f3n<br \/>\n<\/span><\/span><span style=\"color: #2097fc;\"><span class=\"s1\"><span style=\"color: #808080;\">Duraci\u00f3n :<\/span> 2 h<br \/>\n<\/span><span class=\"s1\"><span style=\"color: #808080;\">Recorrido:<\/span> 2,5 Km<\/span><\/span><\/h5>\n[\/vc_column_text][divider line_type=\u00bbNo Line\u00bb][vc_gallery type=\u00bbnectarslider_style\u00bb images=\u00bb1489,1620,1623,1622,1648&#8243; image_loading=\u00bbdefault\u00bb bullet_navigation_style=\u00bbsee_through\u00bb onclick=\u00bblink_image\u00bb img_size=\u00bb500&#215;400&#8243;][\/vc_column][vc_column column_padding=\u00bbno-extra-padding\u00bb column_padding_position=\u00bball\u00bb background_color_opacity=\u00bb1&#8243; background_hover_color_opacity=\u00bb1&#8243; column_link_target=\u00bb_self\u00bb column_shadow=\u00bbnone\u00bb column_border_radius=\u00bbnone\u00bb width=\u00bb1\/2&#8243; tablet_width_inherit=\u00bbdefault\u00bb tablet_text_alignment=\u00bbdefault\u00bb phone_text_alignment=\u00bbdefault\u00bb overlay_strength=\u00bb0.3&#8243; column_border_width=\u00bbnone\u00bb column_border_style=\u00bbsolid\u00bb bg_image_animation=\u00bbnone\u00bb][divider line_type=\u00bbNo Line\u00bb][vc_column_text]\n<h3><span style=\"color: #2097fc;\">ACUARIUM FINISTERRAE<\/span><\/h3>\n<p>Salida desde la <a href=\"http:\/\/www.coruna.es\/servlet\/Satellite?cid=1370254303967&amp;itemID=1161698925158&amp;itemType=Entidad&amp;pagename=Medioambiente%2FPage%2FGenerico-Page-Generica\"><em>playa del Matadero<\/em><\/a>, avanzamos con rumbo <em>N-O<\/em> aprovechando la corriente del canal. Dejamos a nuestra derecha el edificio de <a href=\"http:\/\/mc2coruna.org\/domus\/\"><em>La Domus<\/em><\/a>, obra del prestigioso arquitecto Japon\u00e9s <a href=\"http:\/\/www.arataisozaki.org\/SPANISH\/span-project5.html\"><em>Arata Isozaki<\/em> <\/a>. Y visita a la cala de <em>As Amorosas<\/em>, de fondo rocoso y abundante fauna marina. Continuando siempre al lado del Paseo Mar\u00edtimo y por la corriente del canal llegamos hasta la altura del <a href=\"http:\/\/mc2coruna.org\/aquarium\/\"><em>Aquarium Finisterrae<\/em><\/a> <em>. <\/em>Y avistamos la <a href=\"http:\/\/www.torredeherculesacoruna.com\"><em>Torre de H\u00e9rcules<\/em><\/a>.\u00c9sta zona de la bah\u00eda es la m\u00e1s tranquila y est\u00e1 protegida de los vientos dominantes de la temporada, as\u00ed como del mar de fondo. Haci\u00e9ndola id\u00f3nea para la toma de contacto con el S.U.P.Vuelta a origen rumbo <em>S-E<\/em>, adentr\u00e1ndonos de nuevo en la bah\u00eda y continuando por la zona del bajo del Matadero.[\/vc_column_text][\/vc_column][\/vc_row][vc_row type=\u00bbfull_width_background\u00bb full_screen_row_position=\u00bbmiddle\u00bb column_margin=\u00bbdefault\u00bb bg_color=\u00bb#2ac4ea\u00bb scene_position=\u00bbcenter\u00bb text_color=\u00bbdark\u00bb text_align=\u00bbleft\u00bb overlay_strength=\u00bb0.3&#8243; shape_divider_position=\u00bbbottom\u00bb bg_image_animation=\u00bbnone\u00bb][vc_column column_padding=\u00bbno-extra-padding\u00bb column_padding_position=\u00bball\u00bb background_color_opacity=\u00bb1&#8243; background_hover_color_opacity=\u00bb1&#8243; column_link_target=\u00bb_self\u00bb column_shadow=\u00bbnone\u00bb column_border_radius=\u00bbnone\u00bb width=\u00bb1\/1&#8243; tablet_width_inherit=\u00bbdefault\u00bb tablet_text_alignment=\u00bbdefault\u00bb phone_text_alignment=\u00bbdefault\u00bb overlay_strength=\u00bb0.3&#8243; column_border_width=\u00bbnone\u00bb column_border_style=\u00bbsolid\u00bb bg_image_animation=\u00bbnone\u00bb][vc_column_text]<span style=\"color: #ffffff;\"><em>*todas nuestras rutas han sido elaboradas y realizadas previamente repetidas veces por miembros expertos del surf club Lobos de Mar. Nuestros gu\u00edas cuentan con m\u00e1s de 25 a\u00f1os de experiencia de surf en \u00e9stas aguas.Nunca se deben realizar \u00e9stas rutas en solitario y tampoco sin la compa\u00f1\u00eda de un gu\u00eda experto.Siempre confirmamos la realizaci\u00f3n de cada ruta tras examinar las previsiones meteorol\u00f3gicas y el estado del mar.Por seguridad, cada gu\u00eda tiene contacto permanente con las entidades de salvamento por si, en caso necesario, hubiera riesgo de una posible evacuaci\u00f3n.Nunca se realizar\u00e1 una ruta si no se cumplen las condiciones de seguridad en funci\u00f3n del nivel de los participantes.Es imprescindible pertenecer al Club Lobos de Mar, recibir la formaci\u00f3n b\u00e1sica y estar cubierto por nuestro seguro para poder acceder a una ruta y al material del Club.El Club Lobos de Mar es una entidad sin \u00e1nimo de lucro cuyo objetivo es la promoci\u00f3n del deporte del surfing en sus diferentes categor\u00edas. A trav\u00e9s de las cuotas de los socios, se financian los proyectos y se adquiere el material t\u00e9cnico necesario para poder ser realizados.<\/em><\/span>[\/vc_column_text][\/vc_column][\/vc_row][vc_column column_padding=\u00bbno-extra-padding\u00bb column_padding_position=\u00bball\u00bb background_color_opacity=\u00bb1&#8243; background_hover_color_opacity=\u00bb1&#8243; column_link_target=\u00bb_self\u00bb column_shadow=\u00bbnone\u00bb column_border_radius=\u00bbnone\u00bb width=\u00bb3\/4&#8243; tablet_width_inherit=\u00bbdefault\u00bb tablet_text_alignment=\u00bbdefault\u00bb phone_text_alignment=\u00bbdefault\u00bb overlay_strength=\u00bb0.3&#8243; column_border_width=\u00bbnone\u00bb column_border_style=\u00bbsolid\u00bb bg_image_animation=\u00bbnone\u00bb][\/vc_column][vc_column column_padding=\u00bbno-extra-padding\u00bb column_padding_position=\u00bball\u00bb background_color_opacity=\u00bb1&#8243; background_hover_color_opacity=\u00bb1&#8243; column_link_target=\u00bb_self\u00bb column_shadow=\u00bbnone\u00bb column_border_radius=\u00bbnone\u00bb width=\u00bb3\/4&#8243; tablet_width_inherit=\u00bbdefault\u00bb tablet_text_alignment=\u00bbdefault\u00bb phone_text_alignment=\u00bbdefault\u00bb overlay_strength=\u00bb0.3&#8243; column_border_width=\u00bbnone\u00bb column_border_style=\u00bbsolid\u00bb bg_image_animation=\u00bbnone\u00bb][\/vc_column]\n","protected":false},"excerpt":{"rendered":"<p>[vc_row type=\u00bbfull_width_content\u00bb full_screen_row_position=\u00bbmiddle\u00bb vertically_center_columns=\u00bbtrue\u00bb column_margin=\u00bbdefault\u00bb scene_position=\u00bbcenter\u00bb text_color=\u00bbdark\u00bb text_align=\u00bbleft\u00bb overlay_strength=\u00bb0.3&#8243; shape_divider_position=\u00bbbottom\u00bb bg_image_animation=\u00bbnone\u00bb][vc_column column_padding=\u00bbno-extra-padding\u00bb column_padding_position=\u00bball\u00bb background_color_opacity=\u00bb1&#8243; background_hover_color_opacity=\u00bb1&#8243; column_link_target=\u00bb_self\u00bb column_shadow=\u00bbnone\u00bb column_border_radius=\u00bbnone\u00bb width=\u00bb1\/1&#8243; tablet_width_inherit=\u00bbdefault\u00bb tablet_text_alignment=\u00bbdefault\u00bb phone_text_alignment=\u00bbdefault\u00bb overlay_strength=\u00bb0.3&#8243; column_border_width=\u00bbnone\u00bb column_border_style=\u00bbsolid\u00bb bg_image_animation=\u00bbnone\u00bb][image_with_animation image_url=\u00bb1303&#8243; alignment=\u00bbcenter\u00bb animation=\u00bbFade In\u00bb&#8230;<\/p>\n","protected":false},"author":1,"featured_media":0,"parent":0,"menu_order":0,"comment_status":"open","ping_status":"open","template":"","meta":{"footnotes":""},"_links":{"self":[{"href":"https:\/\/www.paddlesurftours.es\/index.php\/wp-json\/wp\/v2\/pages\/1263"}],"collection":[{"href":"https:\/\/www.paddlesurftours.es\/index.php\/wp-json\/wp\/v2\/pages"}],"about":[{"href":"https:\/\/www.paddlesurftours.es\/index.php\/wp-json\/wp\/v2\/types\/page"}],"author":[{"embeddable":true,"href":"https:\/\/www.paddlesurftours.es\/index.php\/wp-json\/wp\/v2\/users\/1"}],"replies":[{"embeddable":true,"href":"https:\/\/www.paddlesurftours.es\/index.php\/wp-json\/wp\/v2\/comments?post=1263"}],"version-history":[{"count":42,"href":"https:\/\/www.paddlesurftours.es\/index.php\/wp-json\/wp\/v2\/pages\/1263\/revisions"}],"predecessor-version":[{"id":1767,"href":"https:\/\/www.paddlesurftours.es\/index.php\/wp-json\/wp\/v2\/pages\/1263\/revisions\/1767"}],"wp:attachment":[{"href":"https:\/\/www.paddlesurftours.es\/index.php\/wp-json\/wp\/v2\/media?parent=1263"}],"curies":[{"name":"wp","href":"https:\/\/api.w.org\/{rel}","templated":true}]}}