{"id":647,"date":"2013-03-23T13:05:00","date_gmt":"2013-03-23T13:05:00","guid":{"rendered":"http:\/\/themenectar.com\/demo\/salient\/?page_id=16"},"modified":"2020-03-29T15:19:47","modified_gmt":"2020-03-29T15:19:47","slug":"about","status":"publish","type":"page","link":"https:\/\/www.paddlesurftours.es\/index.php\/about\/","title":{"rendered":"PREGUNTAS FRECUENTES"},"content":{"rendered":"[vc_row type=\u00bbin_container\u00bb full_screen_row_position=\u00bbmiddle\u00bb column_margin=\u00bbdefault\u00bb scene_position=\u00bbcenter\u00bb text_color=\u00bbdark\u00bb text_align=\u00bbleft\u00bb overlay_strength=\u00bb0.3&#8243; shape_divider_position=\u00bbbottom\u00bb bg_image_animation=\u00bbnone\u00bb][vc_column column_padding=\u00bbno-extra-padding\u00bb column_padding_position=\u00bball\u00bb background_color_opacity=\u00bb1&#8243; background_hover_color_opacity=\u00bb1&#8243; column_link_target=\u00bb_self\u00bb column_shadow=\u00bbnone\u00bb column_border_radius=\u00bbnone\u00bb width=\u00bb1\/1&#8243; tablet_width_inherit=\u00bbdefault\u00bb tablet_text_alignment=\u00bbdefault\u00bb phone_text_alignment=\u00bbdefault\u00bb overlay_strength=\u00bb0.3&#8243; column_border_width=\u00bbnone\u00bb column_border_style=\u00bbsolid\u00bb bg_image_animation=\u00bbnone\u00bb][vc_column_text]\n<h3><span style=\"color: #2097fc;\"><strong>\u00bfQu\u00e9 es necesario para\u00a0hacer un Tour?<\/strong><\/span><\/h3>\n<p>Simplemente tienes que hacerte socio y reservar el tour como m\u00ednimo con 24 horas de antelaci\u00f3n a trav\u00e9s de esta web en el apartado \u00abRESERVAS\u00bb.<br \/>\nPara ello te pediremos una serie de datos y te explicaremos v\u00eda email la din\u00e1mica de la actividad. Y con 24h. de antelaci\u00f3n confirmamos via tel\u00e9fono\/whatsapp y ultimamos los detalles.<\/p>\n<p>En cuanto al material&#8230;olv\u00eddate de todo, corre de nuestra cuenta.<\/p>\n<h3><span style=\"color: #2097fc;\"><strong>\u00bfPor qu\u00e9 debo asociarme y qu\u00e9 implica para mi?\u00a0<\/strong><\/span><\/h3>\n<p>Paddle Surf Tours es una actividad deportiva realizada por Lobos de Mar Surf Club, que es una asociaci\u00f3n deportiva sin \u00e1nimo de lucro inscrita en el Registro de Asociaciones Deportivas del Ayuntamiento de A Coru\u00f1a y de la Xunta de Galicia.<\/p>\n<p>El Club est\u00e1 dado de alta como Escuela Oficial por la FGSURF y cuenta con la\u00a0 autorizaci\u00f3n de la Demarcaci\u00f3n Provincial de Costas para realizar la actividad. Los t\u00e9cnicos contratados por el Club est\u00e1n titulados en TD1 y cuentan con la experiencia para realizar la actividad sin poner en riesgo a los participantes. Igualmente, contamos con un Plan de Seguridad presentado a la FGSURF obteniendo la m\u00e1xima nota.<\/p>\n<p>Adem\u00e1s, el Club cuenta con un seguro de accidentes y de R.C. del que se benefician los participantes de nuestras actividades deportivas en caso de un posible siniestro.<\/p>\n<p>Para acceder a \u00e9stos seguros es necesario asociarse a Lobos de Mar Surf Club.<\/p>\n<p>Los datos de cada asociado quedar\u00e1n registrados en el Libro de Socios del Club. Y no ser\u00e1n utilizados ni cedidos para ning\u00fan otro prop\u00f3sito.<\/p>\n<p>No es necesario abonar ning\u00fan tipo de cuota de inscripci\u00f3n o peri\u00f3dica por asociarse. Simplemente realizar el pago de cada actividad que se realice.<\/p>\n<p>La pertenencia a la asociaci\u00f3n tendr\u00e1 validez de UN A\u00d1O desde el momento que se realiza la \u00faltima actividad, siendo necesario renovar la ficha y actualizar los datos una vez finalice este plazo. Pero no te preocupes, nos encargamos de hacerlo en el momento de realizar la reserva.<\/p>\n<p>El Club realiza adem\u00e1s otras actividades deportivas y culturales como la organizaci\u00f3n de competiciones, limpieza de playas,\u00a0 eventos deportivos y culturales para la promoci\u00f3n del surf en sus diferentes categor\u00edas y la defensa del medio natural. En algunos casos, es necesario el pago de una inscripci\u00f3n a los participantes, independientemente al pago de la actividad deportiva Paddle Surf Tours.<\/p>\n<p>Los importes recaudados por las actividades realizadas por el Club Lobos de Mar, ser\u00e1n destinados a la compra, amortizaci\u00f3n y mantenimiento del material deportivo adquirido para la realizaci\u00f3n de las actividades deportivas. As\u00ed como para los gastos de contrataci\u00f3n, n\u00f3minas y Seguros Sociales de los t\u00e9cnicos deportivos, adem\u00e1s del pago correspondiente a Riesgos Laborales. Y tambi\u00e9n los gastos derivados de la contrataci\u00f3n de seguros, canon de Costas, licencias federativas, y otros gastos derivados del desarrollo de las actividades.<\/p>\n<p>En caso de obtenerse beneficios, estos se dedicar\u00e1n \u00edntegramente a la organizaci\u00f3n de eventos, actividades deportivas o apoyo a deportistas locales.<\/p>\n<p>Realizando tu actividad deportiva con nosotros, est\u00e1s colaborando al desarrollo del deporte local y las actividades del Club.<\/p>\n<h3><span style=\"color: #2097fc;\"><strong>\u00bfCuales son los beneficios del Paddle Surf?\u00a0<\/strong><\/span><\/h3>\n<p>El Paddle Surf es un ejercicio excelente para mejorar tu condici\u00f3n f\u00edsica. Se tonifican todos\u00a0los m\u00fasculos del cuerpo mejorando tu equilibrio y flexibilidad.<br \/>\nEs una actividad que te conecta con el medio natural y te libera del estr\u00e9s diario.<\/p>\n<h3><span style=\"color: #2097fc;\"><strong>\u00bfSi estoy de visita en A Coru\u00f1a, puedo acceder a la actividad deportiva?<\/strong><\/span><\/h3>\n<p>Por supuesto. Paddle Surf Tours es accesible a cualquier persona, aunque no sea residente en a Coru\u00f1a o en Espa\u00f1a.<\/p>\n<p>El \u00fanico requisito saber nadar perfectamente.<\/p>\n<h3><span style=\"color: #2097fc;\"><strong>\u00bfQue pasa si las condiciones climatol\u00f3gicas no acompa\u00f1an?\u00a0<\/strong><\/span><\/h3>\n<p>Intentamos realizar los Tours siempre que sea posible desde el punto de vista de la seguridad y el disfrute de los participantes. Nos adaptamos a las condiciones climatol\u00f3gicas variando las localizaciones. Si finalmente la actividad no se puede llevar a cabo posponemos el tour para un d\u00eda m\u00e1s adecuado.<\/p>\n<p>Cualquier modificaci\u00f3n en los horarios o localizaciones es comunicada con anterioridad a cada uno de los participantes.<\/p>\n<h3><span style=\"color: #2097fc;\"><strong>\u00bfSe puede hacer a cualquier edad?\u00a0<\/strong><\/span><\/h3>\n<p>Las actividades est\u00e1n planteadas\u00a0 para mayores de 18 a\u00f1os.<\/p>\n<p>Para\u00a0 participantes entre 8 y 14 a\u00f1os es imprescindible que sean acompa\u00f1ados de uno de sus padres o responsables.<\/p>\n<p>&nbsp;<\/p>\n<h3><span style=\"color: #2097fc;\"><strong>\u00bfTengo que tener experiencia?\u00a0<\/strong><\/span><\/h3>\n<p>No es necesario, nuestras rutas se organizan en funci\u00f3n de tu nivel.<br \/>\nDesde paseos hasta entrenamientos deportivos.<\/p>\n<h3><span style=\"color: #2097fc;\"><strong>\u00bfSi ya tengo material puedo ir?\u00a0<\/strong><\/span><\/h3>\n<p>Por supuesto puedes acompa\u00f1arnos y entrenar con nosotros. Consulta las tarifas.<\/p>\n<h3><span style=\"color: #2097fc;\"><strong>\u00bfDonde puedo ver mas fotos para ver si me gusta?<\/strong><\/span><\/h3>\n<p>En nuestras redes sociales:<\/p>\n<p>-Facebook: Paddle Surf Tours A Coru\u00f1a<\/p>\n<p>-Instagram: @paddlesurftourscoru\u00f1a<\/p>\n<h3><span style=\"color: #2097fc;\"><strong>\u00bfSe puede practicar durante todo el a\u00f1o?\u00a0<\/strong><\/span><\/h3>\n<p>Desarrollamos nuestra actividad de mayo a octubre, pero para entrenamientos y rutas especiales consulta nuestra disponibilidad.<\/p>\n<h3><span style=\"color: #2097fc;\"><strong>\u00bfPuedo ir individualmente o tengo que formar un grupo?\u00a0<\/strong><\/span><\/h3>\n<p>La actividad deportiva se realiza siempre en grupos reducidos de entre 4 a 10 personas.<\/p>\n<p>Pero NO es necesario que tengas que buscar compa\u00f1eros. Nosotros formamos los grupos entre todas las personas que se realizan la reserva en funci\u00f3n del nivel deportivo, fecha y horarios.<\/p>\n<p>En caso de que en la fecha y horario que has reservado no haya suficientes personas apuntadas para formar un grupo m\u00ednimo de 4 personas, nos pondremos en contacto contigo con 24 horas de antelaci\u00f3n para posponer la ruta a la fecha m\u00e1s pr\u00f3xima posible.<\/p>\n<p>Todas las comunicaciones las hacemos con la suficiente antelaci\u00f3n para que puedas organizarte.<\/p>\n<h3><span style=\"color: #2097fc;\"><strong>\u00bfPuedo cancelar mi reserva?\u00a0<\/strong><\/span><\/h3>\n<p>Si nos avisas con 48 horas de antelaci\u00f3n puedes modificar\u00a0 tu reserva o cancelarla. \u00a0Estamos en contacto a trav\u00e9s de tel\u00e9fono m\u00f3vil por cualquier imprevisto que te pueda surgir.<\/p>\n<p>Debes ponerte en contacto con nosotros a trav\u00e9s del tel\u00e9fono de confirmaci\u00f3n para cualquier cambio o retraso.<\/p>\n<p>Cualquier ausencia sin aviso previo no tendr\u00e1 derecho a abono alguno.<\/p>\n<h3><span style=\"color: #2097fc;\"><strong>\u00bfC\u00f3mo funcionan los bonos?<\/strong><\/span><\/h3>\n<p>Para los socios que realiza las actividades asiduamente, o que quiere aprovechar unas vacaciones, ofrecemos la posibilidad de abonarse a la actividad. De esta forma podr\u00e1s acceder a m\u00e1s rutas por el mismo precio.<\/p>\n<p>Puedes consultar los diferentes bonos en el apartado \u00abTARIFAS\u00bb.<\/p>\n<h3><span style=\"color: #2097fc;\"><strong>\u00bfC\u00f3mo puedo contactar con Paddle Surf Tours?<\/strong><\/span><\/h3>\n<p>A trav\u00e9s de:<\/p>\n<p>-email: paddlesurftours@gmail.es<\/p>\n<p>-tel\u00e9fonos\/ whatsapp:<\/p>\n<p>00 34 622 736377<\/p>\n<p>00 34 679 155 041<\/p>\n<p>-Facebook: Paddle Surf Tours A Coru\u00f1a<\/p>\n<p>-Instagram: @paddlesurftourscoru\u00f1a[\/vc_column_text][\/vc_column][\/vc_row]\n","protected":false},"excerpt":{"rendered":"<p>[vc_row type=\u00bbin_container\u00bb full_screen_row_position=\u00bbmiddle\u00bb column_margin=\u00bbdefault\u00bb scene_position=\u00bbcenter\u00bb text_color=\u00bbdark\u00bb text_align=\u00bbleft\u00bb overlay_strength=\u00bb0.3&#8243; shape_divider_position=\u00bbbottom\u00bb bg_image_animation=\u00bbnone\u00bb][vc_column column_padding=\u00bbno-extra-padding\u00bb column_padding_position=\u00bball\u00bb background_color_opacity=\u00bb1&#8243; background_hover_color_opacity=\u00bb1&#8243; column_link_target=\u00bb_self\u00bb column_shadow=\u00bbnone\u00bb column_border_radius=\u00bbnone\u00bb width=\u00bb1\/1&#8243; tablet_width_inherit=\u00bbdefault\u00bb tablet_text_alignment=\u00bbdefault\u00bb phone_text_alignment=\u00bbdefault\u00bb overlay_strength=\u00bb0.3&#8243; column_border_width=\u00bbnone\u00bb column_border_style=\u00bbsolid\u00bb bg_image_animation=\u00bbnone\u00bb][vc_column_text] \u00bfQu\u00e9 es necesario para\u00a0hacer un&#8230;<\/p>\n","protected":false},"author":1,"featured_media":0,"parent":0,"menu_order":0,"comment_status":"open","ping_status":"open","template":"","meta":{"footnotes":""},"_links":{"self":[{"href":"https:\/\/www.paddlesurftours.es\/index.php\/wp-json\/wp\/v2\/pages\/647"}],"collection":[{"href":"https:\/\/www.paddlesurftours.es\/index.php\/wp-json\/wp\/v2\/pages"}],"about":[{"href":"https:\/\/www.paddlesurftours.es\/index.php\/wp-json\/wp\/v2\/types\/page"}],"author":[{"embeddable":true,"href":"https:\/\/www.paddlesurftours.es\/index.php\/wp-json\/wp\/v2\/users\/1"}],"replies":[{"embeddable":true,"href":"https:\/\/www.paddlesurftours.es\/index.php\/wp-json\/wp\/v2\/comments?post=647"}],"version-history":[{"count":44,"href":"https:\/\/www.paddlesurftours.es\/index.php\/wp-json\/wp\/v2\/pages\/647\/revisions"}],"predecessor-version":[{"id":1619,"href":"https:\/\/www.paddlesurftours.es\/index.php\/wp-json\/wp\/v2\/pages\/647\/revisions\/1619"}],"wp:attachment":[{"href":"https:\/\/www.paddlesurftours.es\/index.php\/wp-json\/wp\/v2\/media?parent=647"}],"curies":[{"name":"wp","href":"https:\/\/api.w.org\/{rel}","templated":true}]}}